{"id":10222,"date":"2022-03-22T10:08:02","date_gmt":"2022-03-22T09:08:02","guid":{"rendered":"https:\/\/www.grafikenshus.se\/?page_id=10222"},"modified":"2024-03-19T13:53:20","modified_gmt":"2024-03-19T12:53:20","slug":"munish-wadhia","status":"publish","type":"page","link":"https:\/\/www.grafikenshus.se\/en\/samlande-tankar-collecting-thoughts\/munish-wadhia\/","title":{"rendered":"Munish Wadhia"},"content":{"rendered":"\n<div class=\"wp-block-columns is-layout-flex wp-container-core-columns-is-layout-9d6595d7 wp-block-columns-is-layout-flex\">\n<div class=\"wp-block-column is-layout-flow wp-block-column-is-layout-flow\">\n<figure class=\"wp-block-image size-large\"><img loading=\"lazy\" decoding=\"async\" width=\"1024\" height=\"1024\" src=\"https:\/\/www.grafikenshus.se\/wp-content\/uploads\/2022\/03\/stct-munish-1024-1-1024x1024.jpeg\" alt=\"\" class=\"wp-image-10349 img-responsive \" srcset=\"https:\/\/www.grafikenshus.se\/wp-content\/uploads\/2022\/03\/stct-munish-1024-1.jpeg 1024w, https:\/\/www.grafikenshus.se\/wp-content\/uploads\/2022\/03\/stct-munish-1024-1-300x300.jpeg 300w, https:\/\/www.grafikenshus.se\/wp-content\/uploads\/2022\/03\/stct-munish-1024-1-150x150.jpeg 150w, https:\/\/www.grafikenshus.se\/wp-content\/uploads\/2022\/03\/stct-munish-1024-1-768x768.jpeg 768w, https:\/\/www.grafikenshus.se\/wp-content\/uploads\/2022\/03\/stct-munish-1024-1-45x45.jpeg 45w, https:\/\/www.grafikenshus.se\/wp-content\/uploads\/2022\/03\/stct-munish-1024-1-70x70.jpeg 70w, https:\/\/www.grafikenshus.se\/wp-content\/uploads\/2022\/03\/stct-munish-1024-1-210x210.jpeg 210w\" sizes=\"auto, (max-width: 1024px) 100vw, 1024px\" \/><\/figure>\n<\/div>\n<\/div>\n\n\n\n<p><strong>Munish Wadhia<\/strong> \u00e4r konstn\u00e4r baserad i M\u00f6lnbo. Han har en magisterexamen i m\u00e5leri fr\u00e5n Royal College of Art i London samt kandidatexamen i m\u00e5leri fr\u00e5n Wimbledon College of Art i London (University of the Arts London). Hans arbete r\u00f6r m\u00e5leri, genom experimentella och tv\u00e4rvetenskapliga tillv\u00e4gag\u00e5ngss\u00e4tt som tar upp id\u00e9er om kollektiva minnen, arv och bortgl\u00f6md kunskap i v\u00e4sterl\u00e4ndska diskurser.<\/p>\n\n\n\n<p>Munish Wadhia kommer \u00e4ven att vara residenskonstn\u00e4r som en del av <em>Samlande Tankar\/Collecting Thoughts<\/em>.<\/p>\n","protected":false},"excerpt":{"rendered":"<p>Munish Wadhia \u00e4r konstn\u00e4r baserad i M\u00f6lnbo. Han har en magisterexamen i m\u00e5leri fr\u00e5n Royal College of Art i London samt kandidatexamen i m\u00e5leri fr\u00e5n Wimbledon College of Art i London (University of the Arts London). Hans arbete r\u00f6r m\u00e5leri, genom experimentella och tv\u00e4rvetenskapliga tillv\u00e4gag\u00e5ngss\u00e4tt som tar upp id\u00e9er om kollektiva minnen, arv och bortgl\u00f6md [&hellip;]<\/p>\n","protected":false},"author":8,"featured_media":0,"parent":10052,"menu_order":3,"comment_status":"closed","ping_status":"closed","template":"","meta":{"_acf_changed":false,"_monsterinsights_skip_tracking":false,"_monsterinsights_sitenote_active":false,"_monsterinsights_sitenote_note":"","_monsterinsights_sitenote_category":0,"footnotes":"","_links_to":"","_links_to_target":""},"class_list":["post-10222","page","type-page","status-publish","hentry"],"acf":[],"yoast_head":"<!-- This site is optimized with the Yoast SEO plugin v27.5 - https:\/\/yoast.com\/product\/yoast-seo-wordpress\/ -->\n<title>Munish Wadhia - Grafikens Hus<\/title>\n<meta name=\"robots\" content=\"index, follow, max-snippet:-1, max-image-preview:large, max-video-preview:-1\" \/>\n<link rel=\"canonical\" href=\"https:\/\/www.grafikenshus.se\/en\/samlande-tankar-collecting-thoughts\/munish-wadhia\/\" \/>\n<meta property=\"og:locale\" content=\"en_US\" \/>\n<meta property=\"og:type\" content=\"article\" \/>\n<meta property=\"og:title\" content=\"Munish Wadhia - Grafikens Hus\" \/>\n<meta property=\"og:description\" content=\"Munish Wadhia \u00e4r konstn\u00e4r baserad i M\u00f6lnbo. Han har en magisterexamen i m\u00e5leri fr\u00e5n Royal College of Art i London samt kandidatexamen i m\u00e5leri fr\u00e5n Wimbledon College of Art i London (University of the Arts London). Hans arbete r\u00f6r m\u00e5leri, genom experimentella och tv\u00e4rvetenskapliga tillv\u00e4gag\u00e5ngss\u00e4tt som tar upp id\u00e9er om kollektiva minnen, arv och bortgl\u00f6md [&hellip;]\" \/>\n<meta property=\"og:url\" content=\"https:\/\/www.grafikenshus.se\/en\/samlande-tankar-collecting-thoughts\/munish-wadhia\/\" \/>\n<meta property=\"og:site_name\" content=\"Grafikens Hus\" \/>\n<meta property=\"article:publisher\" content=\"https:\/\/www.facebook.com\/grafikenshus\/\" \/>\n<meta property=\"article:modified_time\" content=\"2024-03-19T12:53:20+00:00\" \/>\n<meta property=\"og:image\" content=\"https:\/\/www.grafikenshus.se\/wp-content\/uploads\/2022\/03\/stct-munish-1024-1-1024x1024.jpeg\" \/>\n<meta name=\"twitter:card\" content=\"summary_large_image\" \/>\n<meta name=\"twitter:label1\" content=\"Est. reading time\" \/>\n\t<meta name=\"twitter:data1\" content=\"1 minute\" \/>\n<!-- \/ Yoast SEO plugin. -->","yoast_head_json":{"title":"Munish Wadhia - Grafikens Hus","robots":{"index":"index","follow":"follow","max-snippet":"max-snippet:-1","max-image-preview":"max-image-preview:large","max-video-preview":"max-video-preview:-1"},"canonical":"https:\/\/www.grafikenshus.se\/en\/samlande-tankar-collecting-thoughts\/munish-wadhia\/","og_locale":"en_US","og_type":"article","og_title":"Munish Wadhia - Grafikens Hus","og_description":"Munish Wadhia \u00e4r konstn\u00e4r baserad i M\u00f6lnbo. Han har en magisterexamen i m\u00e5leri fr\u00e5n Royal College of Art i London samt kandidatexamen i m\u00e5leri fr\u00e5n Wimbledon College of Art i London (University of the Arts London). Hans arbete r\u00f6r m\u00e5leri, genom experimentella och tv\u00e4rvetenskapliga tillv\u00e4gag\u00e5ngss\u00e4tt som tar upp id\u00e9er om kollektiva minnen, arv och bortgl\u00f6md [&hellip;]","og_url":"https:\/\/www.grafikenshus.se\/en\/samlande-tankar-collecting-thoughts\/munish-wadhia\/","og_site_name":"Grafikens Hus","article_publisher":"https:\/\/www.facebook.com\/grafikenshus\/","article_modified_time":"2024-03-19T12:53:20+00:00","og_image":[{"url":"https:\/\/www.grafikenshus.se\/wp-content\/uploads\/2022\/03\/stct-munish-1024-1-1024x1024.jpeg","type":"","width":"","height":""}],"twitter_card":"summary_large_image","twitter_misc":{"Est. reading time":"1 minute"},"schema":{"@context":"https:\/\/schema.org","@graph":[{"@type":"WebPage","@id":"https:\/\/www.grafikenshus.se\/en\/samlande-tankar-collecting-thoughts\/munish-wadhia\/","url":"https:\/\/www.grafikenshus.se\/en\/samlande-tankar-collecting-thoughts\/munish-wadhia\/","name":"Munish Wadhia - Grafikens Hus","isPartOf":{"@id":"https:\/\/www.grafikenshus.se\/en\/#website"},"primaryImageOfPage":{"@id":"https:\/\/www.grafikenshus.se\/en\/samlande-tankar-collecting-thoughts\/munish-wadhia\/#primaryimage"},"image":{"@id":"https:\/\/www.grafikenshus.se\/en\/samlande-tankar-collecting-thoughts\/munish-wadhia\/#primaryimage"},"thumbnailUrl":"https:\/\/www.grafikenshus.se\/wp-content\/uploads\/2022\/03\/stct-munish-1024-1-1024x1024.jpeg","datePublished":"2022-03-22T09:08:02+00:00","dateModified":"2024-03-19T12:53:20+00:00","breadcrumb":{"@id":"https:\/\/www.grafikenshus.se\/en\/samlande-tankar-collecting-thoughts\/munish-wadhia\/#breadcrumb"},"inLanguage":"en-US","potentialAction":[{"@type":"ReadAction","target":["https:\/\/www.grafikenshus.se\/en\/samlande-tankar-collecting-thoughts\/munish-wadhia\/"]}]},{"@type":"ImageObject","inLanguage":"en-US","@id":"https:\/\/www.grafikenshus.se\/en\/samlande-tankar-collecting-thoughts\/munish-wadhia\/#primaryimage","url":"https:\/\/www.grafikenshus.se\/wp-content\/uploads\/2022\/03\/stct-munish-1024-1-1024x1024.jpeg","contentUrl":"https:\/\/www.grafikenshus.se\/wp-content\/uploads\/2022\/03\/stct-munish-1024-1-1024x1024.jpeg"},{"@type":"BreadcrumbList","@id":"https:\/\/www.grafikenshus.se\/en\/samlande-tankar-collecting-thoughts\/munish-wadhia\/#breadcrumb","itemListElement":[{"@type":"ListItem","position":1,"name":"Hem","item":"https:\/\/www.grafikenshus.se\/en\/about-us\/"},{"@type":"ListItem","position":2,"name":"Samlande Tankar\/Collecting Thoughts","item":"https:\/\/www.grafikenshus.se\/en\/samlande-tankar-collecting-thoughts\/"},{"@type":"ListItem","position":3,"name":"Munish Wadhia"}]},{"@type":"WebSite","@id":"https:\/\/www.grafikenshus.se\/en\/#website","url":"https:\/\/www.grafikenshus.se\/en\/","name":"Grafikens Hus","description":"Ett museum f\u00f6r samtida grafisk konst","potentialAction":[{"@type":"SearchAction","target":{"@type":"EntryPoint","urlTemplate":"https:\/\/www.grafikenshus.se\/en\/?s={search_term_string}"},"query-input":{"@type":"PropertyValueSpecification","valueRequired":true,"valueName":"search_term_string"}}],"inLanguage":"en-US"}]}},"_links":{"self":[{"href":"https:\/\/www.grafikenshus.se\/en\/wp-json\/wp\/v2\/pages\/10222","targetHints":{"allow":["GET"]}}],"collection":[{"href":"https:\/\/www.grafikenshus.se\/en\/wp-json\/wp\/v2\/pages"}],"about":[{"href":"https:\/\/www.grafikenshus.se\/en\/wp-json\/wp\/v2\/types\/page"}],"author":[{"embeddable":true,"href":"https:\/\/www.grafikenshus.se\/en\/wp-json\/wp\/v2\/users\/8"}],"replies":[{"embeddable":true,"href":"https:\/\/www.grafikenshus.se\/en\/wp-json\/wp\/v2\/comments?post=10222"}],"version-history":[{"count":11,"href":"https:\/\/www.grafikenshus.se\/en\/wp-json\/wp\/v2\/pages\/10222\/revisions"}],"predecessor-version":[{"id":12505,"href":"https:\/\/www.grafikenshus.se\/en\/wp-json\/wp\/v2\/pages\/10222\/revisions\/12505"}],"up":[{"embeddable":true,"href":"https:\/\/www.grafikenshus.se\/en\/wp-json\/wp\/v2\/pages\/10052"}],"wp:attachment":[{"href":"https:\/\/www.grafikenshus.se\/en\/wp-json\/wp\/v2\/media?parent=10222"}],"curies":[{"name":"wp","href":"https:\/\/api.w.org\/{rel}","templated":true}]}}