{"id":10415,"date":"2022-03-24T13:08:01","date_gmt":"2022-03-24T12:08:01","guid":{"rendered":"https:\/\/www.grafikenshus.se\/?page_id=10415"},"modified":"2024-03-19T11:25:12","modified_gmt":"2024-03-19T10:25:12","slug":"asa-bharathi-larsson","status":"publish","type":"page","link":"https:\/\/www.grafikenshus.se\/en\/samlande-tankar-collecting-thoughts\/asa-bharathi-larsson\/","title":{"rendered":"\u00c5sa Bharathi Larsson"},"content":{"rendered":"<p><strong>\u00c5sa Bharathi Larsson <\/strong>has a PhD in Art History (Uppsala University 2016) and is a senior lecturer at S\u00f6dert\u00f6rn University. She is currently a researcher in North American Studies at the Swedish Institute for North American Studies (SINAS), Department of English, Uppsala University (2021-2022). Her research focuses on nineteenth-century visual culture, Scandinavian colonialism, race, and transnational history. Bharathi Larsson has published articles on colonial visual culture and scientific photography. Her work includes: \u201cHjalmar Stolpe\u2019s Intermediaries: Visualizing Labour on the Vanadis Expedition 1883-1885\u201d, <em>Crating the World<\/em>, (ed. Jacqueline Ho\u00e0ng Nguy\u1ec5n), Ath\u00e9n\u00e9e Press, 2019, \u201cTo Entertain, to Enlighten and to Instruct: Colonial Visual Cultures in Late Nineteenth-Century Sweden\u201d, <em>Swedish Art History. A Selection of Introductory Texts<\/em>, (ed. Ludwig Qvarnstr\u00f6m), Lund Studies in Arts and Cultural Sciences 18, Lund University, 2018 and <em>Colonizing Fever: Race and Media Cultures in Late Nineteenth-Century Sweden<\/em>, (diss.), Mediehistoriskt arkiv, 2016.<\/p>\n","protected":false},"excerpt":{"rendered":"<p>\u00c5sa Bharathi Larsson has a PhD in Art History (Uppsala University 2016) and is a senior lecturer at S\u00f6dert\u00f6rn University. She is currently a researcher in North American Studies at the Swedish Institute for North American Studies (SINAS), Department of English, Uppsala University (2021-2022). Her research focuses on nineteenth-century visual culture, Scandinavian colonialism, race, and [&hellip;]<\/p>\n","protected":false},"author":5,"featured_media":0,"parent":10052,"menu_order":9,"comment_status":"closed","ping_status":"closed","template":"","meta":{"_acf_changed":false,"_monsterinsights_skip_tracking":false,"_monsterinsights_sitenote_active":false,"_monsterinsights_sitenote_note":"","_monsterinsights_sitenote_category":0,"footnotes":"","_links_to":"","_links_to_target":""},"class_list":["post-10415","page","type-page","status-publish","hentry"],"acf":[],"yoast_head":"<!-- This site is optimized with the Yoast SEO plugin v27.4 - https:\/\/yoast.com\/product\/yoast-seo-wordpress\/ -->\n<title>\u00c5sa Bharathi Larsson - Grafikens Hus<\/title>\n<meta name=\"robots\" content=\"index, follow, max-snippet:-1, max-image-preview:large, max-video-preview:-1\" \/>\n<link rel=\"canonical\" href=\"https:\/\/www.grafikenshus.se\/en\/samlande-tankar-collecting-thoughts\/asa-bharathi-larsson\/\" \/>\n<meta property=\"og:locale\" content=\"en_US\" \/>\n<meta property=\"og:type\" content=\"article\" \/>\n<meta property=\"og:title\" content=\"\u00c5sa Bharathi Larsson - Grafikens Hus\" \/>\n<meta property=\"og:description\" content=\"\u00c5sa Bharathi Larsson has a PhD in Art History (Uppsala University 2016) and is a senior lecturer at S\u00f6dert\u00f6rn University. She is currently a researcher in North American Studies at the Swedish Institute for North American Studies (SINAS), Department of English, Uppsala University (2021-2022). Her research focuses on nineteenth-century visual culture, Scandinavian colonialism, race, and [&hellip;]\" \/>\n<meta property=\"og:url\" content=\"https:\/\/www.grafikenshus.se\/en\/samlande-tankar-collecting-thoughts\/asa-bharathi-larsson\/\" \/>\n<meta property=\"og:site_name\" content=\"Grafikens Hus\" \/>\n<meta property=\"article:publisher\" content=\"https:\/\/www.facebook.com\/grafikenshus\/\" \/>\n<meta property=\"article:modified_time\" content=\"2024-03-19T10:25:12+00:00\" \/>\n<meta name=\"twitter:card\" content=\"summary_large_image\" \/>\n<meta name=\"twitter:label1\" content=\"Est. reading time\" \/>\n\t<meta name=\"twitter:data1\" content=\"1 minute\" \/>\n<!-- \/ Yoast SEO plugin. -->","yoast_head_json":{"title":"\u00c5sa Bharathi Larsson - Grafikens Hus","robots":{"index":"index","follow":"follow","max-snippet":"max-snippet:-1","max-image-preview":"max-image-preview:large","max-video-preview":"max-video-preview:-1"},"canonical":"https:\/\/www.grafikenshus.se\/en\/samlande-tankar-collecting-thoughts\/asa-bharathi-larsson\/","og_locale":"en_US","og_type":"article","og_title":"\u00c5sa Bharathi Larsson - Grafikens Hus","og_description":"\u00c5sa Bharathi Larsson has a PhD in Art History (Uppsala University 2016) and is a senior lecturer at S\u00f6dert\u00f6rn University. She is currently a researcher in North American Studies at the Swedish Institute for North American Studies (SINAS), Department of English, Uppsala University (2021-2022). Her research focuses on nineteenth-century visual culture, Scandinavian colonialism, race, and [&hellip;]","og_url":"https:\/\/www.grafikenshus.se\/en\/samlande-tankar-collecting-thoughts\/asa-bharathi-larsson\/","og_site_name":"Grafikens Hus","article_publisher":"https:\/\/www.facebook.com\/grafikenshus\/","article_modified_time":"2024-03-19T10:25:12+00:00","twitter_card":"summary_large_image","twitter_misc":{"Est. reading time":"1 minute"},"schema":{"@context":"https:\/\/schema.org","@graph":[{"@type":"WebPage","@id":"https:\/\/www.grafikenshus.se\/en\/samlande-tankar-collecting-thoughts\/asa-bharathi-larsson\/","url":"https:\/\/www.grafikenshus.se\/en\/samlande-tankar-collecting-thoughts\/asa-bharathi-larsson\/","name":"\u00c5sa Bharathi Larsson - Grafikens Hus","isPartOf":{"@id":"https:\/\/www.grafikenshus.se\/en\/#website"},"datePublished":"2022-03-24T12:08:01+00:00","dateModified":"2024-03-19T10:25:12+00:00","breadcrumb":{"@id":"https:\/\/www.grafikenshus.se\/en\/samlande-tankar-collecting-thoughts\/asa-bharathi-larsson\/#breadcrumb"},"inLanguage":"en-US","potentialAction":[{"@type":"ReadAction","target":["https:\/\/www.grafikenshus.se\/en\/samlande-tankar-collecting-thoughts\/asa-bharathi-larsson\/"]}]},{"@type":"BreadcrumbList","@id":"https:\/\/www.grafikenshus.se\/en\/samlande-tankar-collecting-thoughts\/asa-bharathi-larsson\/#breadcrumb","itemListElement":[{"@type":"ListItem","position":1,"name":"Hem","item":"https:\/\/www.grafikenshus.se\/en\/about-us\/"},{"@type":"ListItem","position":2,"name":"Samlande Tankar\/Collecting Thoughts","item":"https:\/\/www.grafikenshus.se\/en\/samlande-tankar-collecting-thoughts\/"},{"@type":"ListItem","position":3,"name":"\u00c5sa Bharathi Larsson"}]},{"@type":"WebSite","@id":"https:\/\/www.grafikenshus.se\/en\/#website","url":"https:\/\/www.grafikenshus.se\/en\/","name":"Grafikens Hus","description":"Ett museum f\u00f6r samtida grafisk konst","potentialAction":[{"@type":"SearchAction","target":{"@type":"EntryPoint","urlTemplate":"https:\/\/www.grafikenshus.se\/en\/?s={search_term_string}"},"query-input":{"@type":"PropertyValueSpecification","valueRequired":true,"valueName":"search_term_string"}}],"inLanguage":"en-US"}]}},"_links":{"self":[{"href":"https:\/\/www.grafikenshus.se\/en\/wp-json\/wp\/v2\/pages\/10415","targetHints":{"allow":["GET"]}}],"collection":[{"href":"https:\/\/www.grafikenshus.se\/en\/wp-json\/wp\/v2\/pages"}],"about":[{"href":"https:\/\/www.grafikenshus.se\/en\/wp-json\/wp\/v2\/types\/page"}],"author":[{"embeddable":true,"href":"https:\/\/www.grafikenshus.se\/en\/wp-json\/wp\/v2\/users\/5"}],"replies":[{"embeddable":true,"href":"https:\/\/www.grafikenshus.se\/en\/wp-json\/wp\/v2\/comments?post=10415"}],"version-history":[{"count":5,"href":"https:\/\/www.grafikenshus.se\/en\/wp-json\/wp\/v2\/pages\/10415\/revisions"}],"predecessor-version":[{"id":12473,"href":"https:\/\/www.grafikenshus.se\/en\/wp-json\/wp\/v2\/pages\/10415\/revisions\/12473"}],"up":[{"embeddable":true,"href":"https:\/\/www.grafikenshus.se\/en\/wp-json\/wp\/v2\/pages\/10052"}],"wp:attachment":[{"href":"https:\/\/www.grafikenshus.se\/en\/wp-json\/wp\/v2\/media?parent=10415"}],"curies":[{"name":"wp","href":"https:\/\/api.w.org\/{rel}","templated":true}]}}