{"id":10623,"date":"2022-03-29T22:01:43","date_gmt":"2022-03-29T20:01:43","guid":{"rendered":"https:\/\/www.grafikenshus.se\/?page_id=10623"},"modified":"2022-03-29T22:03:19","modified_gmt":"2022-03-29T20:03:19","slug":"nu-presenterar-vi-expertradet-for-samlande-tankar-collecting-thoughts","status":"publish","type":"page","link":"https:\/\/www.grafikenshus.se\/en\/samlande-tankar-collecting-thoughts\/nu-presenterar-vi-expertradet-for-samlande-tankar-collecting-thoughts\/","title":{"rendered":"Now Presenting the Expert Council for Samlande tankar\/Collecting Thoughts"},"content":{"rendered":"\n<figure class=\"wp-block-image size-full\"><img loading=\"lazy\" decoding=\"async\" width=\"1024\" height=\"724\" src=\"https:\/\/www.grafikenshus.se\/wp-content\/uploads\/2022\/03\/stct-expertcouncil-1024.jpeg\" alt=\"\" class=\"wp-image-10620 img-responsive \" srcset=\"https:\/\/www.grafikenshus.se\/wp-content\/uploads\/2022\/03\/stct-expertcouncil-1024.jpeg 1024w, https:\/\/www.grafikenshus.se\/wp-content\/uploads\/2022\/03\/stct-expertcouncil-1024-300x212.jpeg 300w, https:\/\/www.grafikenshus.se\/wp-content\/uploads\/2022\/03\/stct-expertcouncil-1024-768x543.jpeg 768w, https:\/\/www.grafikenshus.se\/wp-content\/uploads\/2022\/03\/stct-expertcouncil-1024-45x32.jpeg 45w, https:\/\/www.grafikenshus.se\/wp-content\/uploads\/2022\/03\/stct-expertcouncil-1024-70x49.jpeg 70w, https:\/\/www.grafikenshus.se\/wp-content\/uploads\/2022\/03\/stct-expertcouncil-1024-210x148.jpeg 210w\" sizes=\"auto, (max-width: 1024px) 100vw, 1024px\" \/><\/figure>\n\n\n\n<h1 class=\"wp-block-heading\">Now Presenting the Expert Council for Samlande tankar\/Collecting Thoughts<\/h1>\n\n\n<p><strong>Our working expert council is made up of eight members who will together guide&nbsp;<em>Collecting Thoughts<\/em>&nbsp;philosophically, theoretically and practically and engaging artists through Artist-in-Residence.<\/strong><\/p>\n<p><strong>Afrang Nordl\u00f6f Malekian<\/strong><strong>&nbsp;<\/strong><\/p>\n<p>Afrang Nordl\u00f6f Malekian is an artist with a bachelor\u2019s degree from the Royal Institute of Art and a current master\u2019s student in Fine Arts at the Dutch Art Institute and the Royal Institute of Art in Stockholm. Since 2019, Nordl\u00f6f Malekian has been conducting artistic research on hand-colored photography collections from Southwest Asia and North Africa archived at the Arab Image Foundation in Beirut and the American University in Cairo. Afrang will also be Artist-in-Residence as part of&nbsp;<em>Collecting Thoughts<\/em>.<\/p>\n<p>&nbsp;<\/p>\n<p><strong>Munish Wadhia<\/strong><\/p>\n<p>Munish Wadhia (b. 1972, Mombasa, Kenya) is an artist based in M\u00f6lnbo, Sweden. Munish Wadhia (b. 1972, Mombasa, Kenya) is an artist based in M\u00f6lnbo, Sweden. Munish has a master\u2019s in fine art painting from the Royal College of Art, London and a bachelor\u2019s in fine art painting from Wimbledon School of Art (University of the Arts London). His work deals with painting through an experimental and interdisciplinary approach where his ideas are concerned with collective memories, inheritance, and the amnesiac absence of knowledges in westernised discourses. Munish will also be Artist-in-Residence as part of&nbsp;<em>Collecting Thoughts<\/em>.<\/p>\n<p>&nbsp;<\/p>\n<p><strong>Michael Barrett<\/strong><\/p>\n<p>Michael Barrett is an anthropologist, researcher, and curator of the Africa collections at the National Museums of World Culture in Sweden. His research focus is on the history of the collections as well as the representation of Africa and people of African descent in museums and other popular mediation practices. Among recent curatorial projects are the contemporary art shows \u2018Remixing the Future\u2019 and \u2018Sonaxis\u2019 (Etnografiska 2021), and \u2018Ongoing Africa\u2019 (2017-2021) \u2013 critical development of research, exhibitions, outreach, and public programming in relation to the Africa collections at the Museums of World Culture.<\/p>\n<p>&nbsp;<\/p>\n<p><strong><span class=\"NormalTextRun SCXW11400534 BCX0\" data-ccp-charstyle=\"s1\" data-ccp-charstyle-defn=\"{&quot;ObjectId&quot;:&quot;8cde9d84-8db8-48a2-a3d4-f210f2ccae76|5&quot;,&quot;ClassId&quot;:1073872969,&quot;Properties&quot;:[134233614,&quot;true&quot;,201340122,&quot;1&quot;,469775450,&quot;s1&quot;,469778129,&quot;s1&quot;,469778324,&quot;Default Paragraph Font&quot;]}\">Berta Guerra Aredal<\/span><\/strong><\/p>\n<p><span class=\"TextRun SCXW18893742 BCX0\" lang=\"EN-US\" xml:lang=\"EN-US\" data-contrast=\"auto\"><span class=\"NormalTextRun SCXW18893742 BCX0\">Berta Guerra Aredal (b. 1950, Chile) is an artist educated at the Faculty of Art at the University of Chile and at&nbsp;<\/span><span class=\"NormalTextRun SpellingErrorV2 SCXW18893742 BCX0\">Konstfack<\/span><span class=\"NormalTextRun SCXW18893742 BCX0\">, Stockholm. Active in Sweden since 1981<\/span><span class=\"NormalTextRun SCXW18893742 BCX0\">, s<\/span><span class=\"NormalTextRun SCXW18893742 BCX0\">he has extensive experience of working with graphic methods, mainly in lithography<\/span><span class=\"NormalTextRun SCXW18893742 BCX0\">&nbsp;<\/span><span class=\"NormalTextRun SCXW18893742 BCX0\">at<\/span><span class=\"NormalTextRun SCXW18893742 BCX0\">, for example,<\/span><span class=\"NormalTextRun SCXW18893742 BCX0\">&nbsp;KKV Stockholm, Lithographic Academy in&nbsp;<\/span><span class=\"NormalTextRun SpellingErrorV2 SCXW18893742 BCX0\">Tidaholm<\/span><span class=\"NormalTextRun SCXW18893742 BCX0\">,&nbsp;<\/span><span class=\"NormalTextRun SpellingErrorV2 SCXW18893742 BCX0\">Grafikwerkstatt<\/span><span class=\"NormalTextRun SCXW18893742 BCX0\">&nbsp;Dresden, La Ceiba&nbsp;<\/span><span class=\"NormalTextRun SCXW18893742 BCX0\">Grafica<\/span><span class=\"NormalTextRun SCXW18893742 BCX0\">, Veracruz, Mexico and The Eugeniusz&nbsp;<\/span><span class=\"NormalTextRun SCXW18893742 BCX0\">Geppert<\/span><span class=\"NormalTextRun SCXW18893742 BCX0\">&nbsp;Academy of Art and Design, Wroclaw, Poland.<\/span><span class=\"NormalTextRun SCXW18893742 BCX0\">&nbsp;She<\/span><span class=\"NormalTextRun SCXW18893742 BCX0\">&nbsp;<\/span><span class=\"NormalTextRun SCXW18893742 BCX0\">r<\/span><span class=\"NormalTextRun SCXW18893742 BCX0\">eceived the Lithography Scholarship of the Year from&nbsp;<\/span><span class=\"NormalTextRun SCXW18893742 BCX0\">H<\/span><span class=\"NormalTextRun SCXW18893742 BCX0\">uddinge<\/span><span class=\"NormalTextRun SCXW18893742 BCX0\">&nbsp;2017\u20132018. With lines and drawing as her main tools, her art production explores the connections between healt<\/span><span class=\"NormalTextRun SCXW18893742 BCX0\">h<\/span><span class=\"NormalTextRun SCXW18893742 BCX0\">, body, and society\u2019s well-being.<\/span><\/span><span class=\"EOP SCXW18893742 BCX0\" data-ccp-props=\"{&quot;201341983&quot;:0,&quot;335559739&quot;:160,&quot;335559740&quot;:259}\">&nbsp;<\/span><\/p>\n<p>&nbsp;<\/p>\n<p><strong>Brita Lindvall&nbsp;Leitmann&nbsp;<\/strong><\/p>\n<p>Brita Lindvall Leitmann (b. 1977, Sweden) is a doctoral student in the field of visual communication at Konstfack \/ HDK-Valand. Lindvall Leitmann graduated from Gerrit Rietveld Academy in Amsterdam in 2007 and has been employed as a senior lecturer in visual communication at Beckmans School of Design. Lindvall Leitmann is an internationally acclaimed graphic designer with 25 years of professional activity. Since 2012, Lindvall Leitmann has run the design studio Bastion, where they investigate how feminist and postcolonial theory can be transformed through visual communication. Most notable is perhaps their redesign of the Swedish magazine Bang (2012\u20132015), which illuminates and plays with typographic traditions, visual culture, and editorial principles \u2014 a project that encircles Lindvall Leitmann\u2019s aesthetically and methodologically ground-breaking practice.<\/p>\n<p>&nbsp;<\/p>\n<p><strong>Annika Gunnarsson<\/strong><\/p>\n<p>Annika Gunnarsson has a PhD in Art History and works at the Moderna Museet as a curator for Drawings and Prints since 2001. Her professional career began at the Engraving Gallery at Nationalmuseum in 1992 and she has since taken up working with and researching collections, collecting, exhibitions and exhibiting. In her dissertation \u2013&nbsp;<em>visible \/ invisible. The reception of the visual in the picture books about Alfons \u00c5berg<\/em>&nbsp;(2012), she analyzed how we as viewers are involved in how a work appears. In 2018-2020, Gunnarsson worked part-time at Stockholm University as a course coordinator for the Curator course at the Department of History. Gunnarsson is interested in visual cultures, storytelling, performative practices and organization of activities.<\/p>\n<p>&nbsp;<\/p>\n<p><strong>Camilla Burvall Ter\u00e1n<\/strong><\/p>\n<p>Camilla works with the public activities at the Stockholm Museum of Women\u2019s History. She has a broad background in the cultural sector and many years of experience working with cultural events within music, art, clubs, theater and literature, at some of the biggest Swedish cultural institutions. She is a project leader and communicator with a preference for cultural clashes where different art forms can meet in unexpected places.<\/p>\n<p>&nbsp;<\/p>\n<p><strong>\u00c5sa Bharathi Larsson.<\/strong><\/p>\n<p>\u00c5sa Bharathi Larsson has a PhD in Art History (Uppsala University 2016) and is a senior lecturer at S\u00f6dert\u00f6rn University. She is currently a researcher in North American Studies at the Swedish Institute for North American Studies (SINAS), Department of English, Uppsala University (2021-2022). Her research focuses on nineteenth-century visual culture, Scandinavian colonialism, race, and transnational history. Bharathi Larsson has published articles on colonial visual culture and scientific photography. Her work includes: \u201cHjalmar Stolpe\u2019s Intermediaries: Visualizing Labour on the Vanadis Expedition 1883-1885\u201d, Crating the World, (ed. Jacqueline Ho\u00e0ng Nguy\u1ec5n), Ath\u00e9n\u00e9e Press, 2019, \u201cTo Entertain, to Enlighten and to Instruct: Colonial Visual Cultures in Late Nineteenth-Century Sweden\u201d, Swedish Art History. A Selection of Introductory Texts, (ed. Ludwig Qvarnstr\u00f6m), Lund Studies in Arts and Cultural Sciences 18, Lund University, 2018 and Colonizing Fever: Race and Media Cultures in Late Nineteenth-Century Sweden, (diss.), Mediehistoriskt arkiv, 2016.<\/p>","protected":false},"excerpt":{"rendered":"<p>Now Presenting the Expert Council for Samlande tankar\/Collecting Thoughts Our working expert council is made up of eight members who will together guide&nbsp;Collecting Thoughts&nbsp;philosophically, theoretically and practically and engaging artists through Artist-in-Residence. Afrang Nordl\u00f6f Malekian&nbsp; Afrang Nordl\u00f6f Malekian is an artist with a bachelor\u2019s degree from the Royal Institute of Art and a current master\u2019s [&hellip;]<\/p>\n","protected":false},"author":5,"featured_media":0,"parent":10052,"menu_order":30,"comment_status":"closed","ping_status":"closed","template":"","meta":{"_acf_changed":false,"_monsterinsights_skip_tracking":false,"_monsterinsights_sitenote_active":false,"_monsterinsights_sitenote_note":"","_monsterinsights_sitenote_category":0,"footnotes":"","_links_to":"","_links_to_target":""},"class_list":["post-10623","page","type-page","status-publish","hentry"],"acf":[],"yoast_head":"<!-- This site is optimized with the Yoast SEO plugin v27.4 - https:\/\/yoast.com\/product\/yoast-seo-wordpress\/ -->\n<title>Now Presenting the Expert Council for Samlande tankar\/Collecting Thoughts - Grafikens Hus<\/title>\n<meta name=\"robots\" content=\"index, follow, max-snippet:-1, max-image-preview:large, max-video-preview:-1\" \/>\n<link rel=\"canonical\" href=\"https:\/\/www.grafikenshus.se\/en\/samlande-tankar-collecting-thoughts\/nu-presenterar-vi-expertradet-for-samlande-tankar-collecting-thoughts\/\" \/>\n<meta property=\"og:locale\" content=\"en_US\" \/>\n<meta property=\"og:type\" content=\"article\" \/>\n<meta property=\"og:title\" content=\"Now Presenting the Expert Council for Samlande tankar\/Collecting Thoughts - Grafikens Hus\" \/>\n<meta property=\"og:description\" content=\"Now Presenting the Expert Council for Samlande tankar\/Collecting Thoughts Our working expert council is made up of eight members who will together guide&nbsp;Collecting Thoughts&nbsp;philosophically, theoretically and practically and engaging artists through Artist-in-Residence. Afrang Nordl\u00f6f Malekian&nbsp; Afrang Nordl\u00f6f Malekian is an artist with a bachelor\u2019s degree from the Royal Institute of Art and a current master\u2019s [&hellip;]\" \/>\n<meta property=\"og:url\" content=\"https:\/\/www.grafikenshus.se\/en\/samlande-tankar-collecting-thoughts\/nu-presenterar-vi-expertradet-for-samlande-tankar-collecting-thoughts\/\" \/>\n<meta property=\"og:site_name\" content=\"Grafikens Hus\" \/>\n<meta property=\"article:publisher\" content=\"https:\/\/www.facebook.com\/grafikenshus\/\" \/>\n<meta property=\"article:modified_time\" content=\"2022-03-29T20:03:19+00:00\" \/>\n<meta property=\"og:image\" content=\"https:\/\/www.grafikenshus.se\/wp-content\/uploads\/2022\/03\/stct-expertcouncil-1024.jpeg\" \/>\n<meta name=\"twitter:card\" content=\"summary_large_image\" \/>\n<meta name=\"twitter:label1\" content=\"Est. reading time\" \/>\n\t<meta name=\"twitter:data1\" content=\"5 minutes\" \/>\n<!-- \/ Yoast SEO plugin. -->","yoast_head_json":{"title":"Now Presenting the Expert Council for Samlande tankar\/Collecting Thoughts - Grafikens Hus","robots":{"index":"index","follow":"follow","max-snippet":"max-snippet:-1","max-image-preview":"max-image-preview:large","max-video-preview":"max-video-preview:-1"},"canonical":"https:\/\/www.grafikenshus.se\/en\/samlande-tankar-collecting-thoughts\/nu-presenterar-vi-expertradet-for-samlande-tankar-collecting-thoughts\/","og_locale":"en_US","og_type":"article","og_title":"Now Presenting the Expert Council for Samlande tankar\/Collecting Thoughts - Grafikens Hus","og_description":"Now Presenting the Expert Council for Samlande tankar\/Collecting Thoughts Our working expert council is made up of eight members who will together guide&nbsp;Collecting Thoughts&nbsp;philosophically, theoretically and practically and engaging artists through Artist-in-Residence. Afrang Nordl\u00f6f Malekian&nbsp; Afrang Nordl\u00f6f Malekian is an artist with a bachelor\u2019s degree from the Royal Institute of Art and a current master\u2019s [&hellip;]","og_url":"https:\/\/www.grafikenshus.se\/en\/samlande-tankar-collecting-thoughts\/nu-presenterar-vi-expertradet-for-samlande-tankar-collecting-thoughts\/","og_site_name":"Grafikens Hus","article_publisher":"https:\/\/www.facebook.com\/grafikenshus\/","article_modified_time":"2022-03-29T20:03:19+00:00","og_image":[{"url":"https:\/\/www.grafikenshus.se\/wp-content\/uploads\/2022\/03\/stct-expertcouncil-1024.jpeg","type":"","width":"","height":""}],"twitter_card":"summary_large_image","twitter_misc":{"Est. reading time":"5 minutes"},"schema":{"@context":"https:\/\/schema.org","@graph":[{"@type":"WebPage","@id":"https:\/\/www.grafikenshus.se\/en\/samlande-tankar-collecting-thoughts\/nu-presenterar-vi-expertradet-for-samlande-tankar-collecting-thoughts\/","url":"https:\/\/www.grafikenshus.se\/en\/samlande-tankar-collecting-thoughts\/nu-presenterar-vi-expertradet-for-samlande-tankar-collecting-thoughts\/","name":"Now Presenting the Expert Council for Samlande tankar\/Collecting Thoughts - Grafikens Hus","isPartOf":{"@id":"https:\/\/www.grafikenshus.se\/en\/#website"},"primaryImageOfPage":{"@id":"https:\/\/www.grafikenshus.se\/en\/samlande-tankar-collecting-thoughts\/nu-presenterar-vi-expertradet-for-samlande-tankar-collecting-thoughts\/#primaryimage"},"image":{"@id":"https:\/\/www.grafikenshus.se\/en\/samlande-tankar-collecting-thoughts\/nu-presenterar-vi-expertradet-for-samlande-tankar-collecting-thoughts\/#primaryimage"},"thumbnailUrl":"https:\/\/www.grafikenshus.se\/wp-content\/uploads\/2022\/03\/stct-expertcouncil-1024.jpeg","datePublished":"2022-03-29T20:01:43+00:00","dateModified":"2022-03-29T20:03:19+00:00","breadcrumb":{"@id":"https:\/\/www.grafikenshus.se\/en\/samlande-tankar-collecting-thoughts\/nu-presenterar-vi-expertradet-for-samlande-tankar-collecting-thoughts\/#breadcrumb"},"inLanguage":"en-US","potentialAction":[{"@type":"ReadAction","target":["https:\/\/www.grafikenshus.se\/en\/samlande-tankar-collecting-thoughts\/nu-presenterar-vi-expertradet-for-samlande-tankar-collecting-thoughts\/"]}]},{"@type":"ImageObject","inLanguage":"en-US","@id":"https:\/\/www.grafikenshus.se\/en\/samlande-tankar-collecting-thoughts\/nu-presenterar-vi-expertradet-for-samlande-tankar-collecting-thoughts\/#primaryimage","url":"https:\/\/www.grafikenshus.se\/wp-content\/uploads\/2022\/03\/stct-expertcouncil-1024.jpeg","contentUrl":"https:\/\/www.grafikenshus.se\/wp-content\/uploads\/2022\/03\/stct-expertcouncil-1024.jpeg"},{"@type":"BreadcrumbList","@id":"https:\/\/www.grafikenshus.se\/en\/samlande-tankar-collecting-thoughts\/nu-presenterar-vi-expertradet-for-samlande-tankar-collecting-thoughts\/#breadcrumb","itemListElement":[{"@type":"ListItem","position":1,"name":"Hem","item":"https:\/\/www.grafikenshus.se\/en\/about-us\/"},{"@type":"ListItem","position":2,"name":"Samlande Tankar\/Collecting Thoughts","item":"https:\/\/www.grafikenshus.se\/en\/samlande-tankar-collecting-thoughts\/"},{"@type":"ListItem","position":3,"name":"Now Presenting the Expert Council for Samlande tankar\/Collecting Thoughts"}]},{"@type":"WebSite","@id":"https:\/\/www.grafikenshus.se\/en\/#website","url":"https:\/\/www.grafikenshus.se\/en\/","name":"Grafikens Hus","description":"Ett museum f\u00f6r samtida grafisk konst","potentialAction":[{"@type":"SearchAction","target":{"@type":"EntryPoint","urlTemplate":"https:\/\/www.grafikenshus.se\/en\/?s={search_term_string}"},"query-input":{"@type":"PropertyValueSpecification","valueRequired":true,"valueName":"search_term_string"}}],"inLanguage":"en-US"}]}},"_links":{"self":[{"href":"https:\/\/www.grafikenshus.se\/en\/wp-json\/wp\/v2\/pages\/10623","targetHints":{"allow":["GET"]}}],"collection":[{"href":"https:\/\/www.grafikenshus.se\/en\/wp-json\/wp\/v2\/pages"}],"about":[{"href":"https:\/\/www.grafikenshus.se\/en\/wp-json\/wp\/v2\/types\/page"}],"author":[{"embeddable":true,"href":"https:\/\/www.grafikenshus.se\/en\/wp-json\/wp\/v2\/users\/5"}],"replies":[{"embeddable":true,"href":"https:\/\/www.grafikenshus.se\/en\/wp-json\/wp\/v2\/comments?post=10623"}],"version-history":[{"count":4,"href":"https:\/\/www.grafikenshus.se\/en\/wp-json\/wp\/v2\/pages\/10623\/revisions"}],"predecessor-version":[{"id":10628,"href":"https:\/\/www.grafikenshus.se\/en\/wp-json\/wp\/v2\/pages\/10623\/revisions\/10628"}],"up":[{"embeddable":true,"href":"https:\/\/www.grafikenshus.se\/en\/wp-json\/wp\/v2\/pages\/10052"}],"wp:attachment":[{"href":"https:\/\/www.grafikenshus.se\/en\/wp-json\/wp\/v2\/media?parent=10623"}],"curies":[{"name":"wp","href":"https:\/\/api.w.org\/{rel}","templated":true}]}}