{"id":11885,"date":"2023-07-03T11:28:59","date_gmt":"2023-07-03T09:28:59","guid":{"rendered":"https:\/\/www.grafikenshus.se\/resonerar-val\/"},"modified":"2023-07-03T11:33:50","modified_gmt":"2023-07-03T09:33:50","slug":"resonerar-val","status":"publish","type":"page","link":"https:\/\/www.grafikenshus.se\/en\/resonerar-val\/","title":{"rendered":"&#8220;Resonerar v\u00e4l med mitt syns\u00e4tt kring tanken om meningsfulla r\u00f6relser&#8221;"},"content":{"rendered":"<p><a href=\"https:\/\/www.grafikenshus.se\/resonerar-val\/\">Svenska<\/a> \/ English<\/p>\n<p><strong>On 29 May 2023 Grafikens Hus met Mako Ishizuka for a \u201cstudio visit\u201d at a caf\u00e9 in Stockholm, as she works without having any fixed locations. Mako Ishizuka is a multidisciplinary artist, using medias such as drawing, print, photography, video, installations, architectural settings, essays, and social projects within her practice. The essence of her artistic work is in her beautiful and meticulous creations, which can also be seen as documentations of her artistic process. <\/strong><\/p>\n<p>Written by: Nilo Amlashi<\/p>\n<p><strong>What does print making mean to you and your practice?<\/strong><\/p>\n<p><em>This question reminded me of how I got in contact with the practice of printmaking. As my father does traditional woodblock printing as a hobby, printmaking was always around in my childhood. In fact, my first participation in an international exhibition was actually with my first black woodblock print, about labour, that I made at school when I was only 10 years old.\u00a0<\/em><\/p>\n<p><em>Printmaking came back to me when I played with the idea around delicate diplomacy between the \u2018public\u2019 and \u2018private\u2019 in Amsterdam for my BFA exam show. I printed a personal letter with photopolymer plate without using ink and developed it into an installation, where one viewer\u2019s experience of reading a letter becomaw a performance for other viewers. The letter is readable only if you tilt it and the embossed words get the light from the direction that cast shadows, while it appears one is staring at a white paper when seen from the side. The work somehow captures the essential elements in my practice \u2013 which makes it a work that has been very dear to me.<\/em><\/p>\n<p><img loading=\"lazy\" decoding=\"async\" width=\"1425\" height=\"1089\" class=\"alignnone size-full wp-image-11878 img-responsive \" src=\"https:\/\/www.grafikenshus.se\/wp-content\/uploads\/2023\/07\/BS_pages.jpg\" alt=\"\" srcset=\"https:\/\/www.grafikenshus.se\/wp-content\/uploads\/2023\/07\/BS_pages.jpg 1425w, https:\/\/www.grafikenshus.se\/wp-content\/uploads\/2023\/07\/BS_pages-300x229.jpg 300w, https:\/\/www.grafikenshus.se\/wp-content\/uploads\/2023\/07\/BS_pages-1024x783.jpg 1024w, https:\/\/www.grafikenshus.se\/wp-content\/uploads\/2023\/07\/BS_pages-768x587.jpg 768w, https:\/\/www.grafikenshus.se\/wp-content\/uploads\/2023\/07\/BS_pages-45x34.jpg 45w, https:\/\/www.grafikenshus.se\/wp-content\/uploads\/2023\/07\/BS_pages-70x53.jpg 70w, https:\/\/www.grafikenshus.se\/wp-content\/uploads\/2023\/07\/BS_pages-210x160.jpg 210w\" sizes=\"auto, (max-width: 1425px) 100vw, 1425px\" \/><\/p>\n<p><strong>Which printing techniques do you mostly work with and why?\u00a0<\/strong><\/p>\n<p><em>I have worked with woodblock, letterpress, silkscreen including risoprint (which was popular in the 1980s and 1990s in Japan, and many households had a portable risomachine to print postcards). Also, Asian traditional stone seal engraving, which perhaps can also be considered as a sort of printmaking practice? I never make an active choice in using these techniques. It rather starts with an idea that I want to communicate, which itself finds a suitable medium\/technique as its language.<\/em><\/p>\n<p><strong>In your own words, what signifies your graphical expression?\u00a0<\/strong><\/p>\n<p><em>In a world filled with divisions and conflicts, it is important for me to reflect on how things look like from the other side and to attempt to reach out to the opposite people \u2013 in terms of experiences and perception. In that sense the process of fine art printmaking \u2013 which asks the original image to invert and transfer onto what it faces through contacting and pressing \u2013 might resonate well with my mindset involving meaningful movements.<\/em><\/p>\n<p><img loading=\"lazy\" decoding=\"async\" width=\"1606\" height=\"1098\" class=\"alignnone size-full wp-image-11880 img-responsive \" src=\"https:\/\/www.grafikenshus.se\/wp-content\/uploads\/2023\/07\/DL_angle.jpg\" alt=\"\" srcset=\"https:\/\/www.grafikenshus.se\/wp-content\/uploads\/2023\/07\/DL_angle.jpg 1606w, https:\/\/www.grafikenshus.se\/wp-content\/uploads\/2023\/07\/DL_angle-300x205.jpg 300w, https:\/\/www.grafikenshus.se\/wp-content\/uploads\/2023\/07\/DL_angle-1024x700.jpg 1024w, https:\/\/www.grafikenshus.se\/wp-content\/uploads\/2023\/07\/DL_angle-768x525.jpg 768w, https:\/\/www.grafikenshus.se\/wp-content\/uploads\/2023\/07\/DL_angle-1536x1050.jpg 1536w, https:\/\/www.grafikenshus.se\/wp-content\/uploads\/2023\/07\/DL_angle-45x31.jpg 45w, https:\/\/www.grafikenshus.se\/wp-content\/uploads\/2023\/07\/DL_angle-70x48.jpg 70w, https:\/\/www.grafikenshus.se\/wp-content\/uploads\/2023\/07\/DL_angle-210x144.jpg 210w\" sizes=\"auto, (max-width: 1606px) 100vw, 1606px\" \/><\/p>\n<p>&nbsp;<\/p>\n<p>Photo credits: Courtesy of the Artist<\/p>\n","protected":false},"excerpt":{"rendered":"<p>Svenska \/ English On 29 May 2023 Grafikens Hus met Mako Ishizuka for a \u201cstudio visit\u201d at a caf\u00e9 in Stockholm, as she works without having any fixed locations. Mako Ishizuka is a multidisciplinary artist, using medias such as drawing, print, photography, video, installations, architectural settings, essays, and social projects within her practice. The essence [&hellip;]<\/p>\n","protected":false},"author":15,"featured_media":11877,"parent":0,"menu_order":0,"comment_status":"closed","ping_status":"closed","template":"","meta":{"_acf_changed":false,"_monsterinsights_skip_tracking":false,"_monsterinsights_sitenote_active":false,"_monsterinsights_sitenote_note":"","_monsterinsights_sitenote_category":0,"footnotes":"","_links_to":"","_links_to_target":""},"class_list":["post-11885","page","type-page","status-publish","has-post-thumbnail","hentry"],"acf":[],"yoast_head":"<!-- This site is optimized with the Yoast SEO plugin v27.4 - https:\/\/yoast.com\/product\/yoast-seo-wordpress\/ -->\n<title>&quot;Resonerar v\u00e4l med mitt syns\u00e4tt kring tanken om meningsfulla r\u00f6relser&quot; - Grafikens Hus<\/title>\n<meta name=\"robots\" content=\"index, follow, max-snippet:-1, max-image-preview:large, max-video-preview:-1\" \/>\n<link rel=\"canonical\" href=\"https:\/\/www.grafikenshus.se\/en\/resonerar-val\/\" \/>\n<meta property=\"og:locale\" content=\"en_US\" \/>\n<meta property=\"og:type\" content=\"article\" \/>\n<meta property=\"og:title\" content=\"&quot;Resonerar v\u00e4l med mitt syns\u00e4tt kring tanken om meningsfulla r\u00f6relser&quot; - Grafikens Hus\" \/>\n<meta property=\"og:description\" content=\"Svenska \/ English On 29 May 2023 Grafikens Hus met Mako Ishizuka for a \u201cstudio visit\u201d at a caf\u00e9 in Stockholm, as she works without having any fixed locations. Mako Ishizuka is a multidisciplinary artist, using medias such as drawing, print, photography, video, installations, architectural settings, essays, and social projects within her practice. The essence [&hellip;]\" \/>\n<meta property=\"og:url\" content=\"https:\/\/www.grafikenshus.se\/en\/resonerar-val\/\" \/>\n<meta property=\"og:site_name\" content=\"Grafikens Hus\" \/>\n<meta property=\"article:publisher\" content=\"https:\/\/www.facebook.com\/grafikenshus\/\" \/>\n<meta property=\"article:modified_time\" content=\"2023-07-03T09:33:50+00:00\" \/>\n<meta property=\"og:image\" content=\"https:\/\/www.grafikenshus.se\/wp-content\/uploads\/2023\/07\/BS_books.jpg\" \/>\n\t<meta property=\"og:image:width\" content=\"1634\" \/>\n\t<meta property=\"og:image:height\" content=\"1088\" \/>\n\t<meta property=\"og:image:type\" content=\"image\/jpeg\" \/>\n<meta name=\"twitter:card\" content=\"summary_large_image\" \/>\n<meta name=\"twitter:label1\" content=\"Est. reading time\" \/>\n\t<meta name=\"twitter:data1\" content=\"3 minutes\" \/>\n<!-- \/ Yoast SEO plugin. -->","yoast_head_json":{"title":"\"Resonerar v\u00e4l med mitt syns\u00e4tt kring tanken om meningsfulla r\u00f6relser\" - Grafikens Hus","robots":{"index":"index","follow":"follow","max-snippet":"max-snippet:-1","max-image-preview":"max-image-preview:large","max-video-preview":"max-video-preview:-1"},"canonical":"https:\/\/www.grafikenshus.se\/en\/resonerar-val\/","og_locale":"en_US","og_type":"article","og_title":"\"Resonerar v\u00e4l med mitt syns\u00e4tt kring tanken om meningsfulla r\u00f6relser\" - Grafikens Hus","og_description":"Svenska \/ English On 29 May 2023 Grafikens Hus met Mako Ishizuka for a \u201cstudio visit\u201d at a caf\u00e9 in Stockholm, as she works without having any fixed locations. Mako Ishizuka is a multidisciplinary artist, using medias such as drawing, print, photography, video, installations, architectural settings, essays, and social projects within her practice. The essence [&hellip;]","og_url":"https:\/\/www.grafikenshus.se\/en\/resonerar-val\/","og_site_name":"Grafikens Hus","article_publisher":"https:\/\/www.facebook.com\/grafikenshus\/","article_modified_time":"2023-07-03T09:33:50+00:00","og_image":[{"width":1634,"height":1088,"url":"https:\/\/www.grafikenshus.se\/wp-content\/uploads\/2023\/07\/BS_books.jpg","type":"image\/jpeg"}],"twitter_card":"summary_large_image","twitter_misc":{"Est. reading time":"3 minutes"},"schema":{"@context":"https:\/\/schema.org","@graph":[{"@type":"WebPage","@id":"https:\/\/www.grafikenshus.se\/en\/resonerar-val\/","url":"https:\/\/www.grafikenshus.se\/en\/resonerar-val\/","name":"\"Resonerar v\u00e4l med mitt syns\u00e4tt kring tanken om meningsfulla r\u00f6relser\" - Grafikens Hus","isPartOf":{"@id":"https:\/\/www.grafikenshus.se\/en\/#website"},"primaryImageOfPage":{"@id":"https:\/\/www.grafikenshus.se\/en\/resonerar-val\/#primaryimage"},"image":{"@id":"https:\/\/www.grafikenshus.se\/en\/resonerar-val\/#primaryimage"},"thumbnailUrl":"https:\/\/www.grafikenshus.se\/wp-content\/uploads\/2023\/07\/BS_books.jpg","datePublished":"2023-07-03T09:28:59+00:00","dateModified":"2023-07-03T09:33:50+00:00","breadcrumb":{"@id":"https:\/\/www.grafikenshus.se\/en\/resonerar-val\/#breadcrumb"},"inLanguage":"en-US","potentialAction":[{"@type":"ReadAction","target":["https:\/\/www.grafikenshus.se\/en\/resonerar-val\/"]}]},{"@type":"ImageObject","inLanguage":"en-US","@id":"https:\/\/www.grafikenshus.se\/en\/resonerar-val\/#primaryimage","url":"https:\/\/www.grafikenshus.se\/wp-content\/uploads\/2023\/07\/BS_books.jpg","contentUrl":"https:\/\/www.grafikenshus.se\/wp-content\/uploads\/2023\/07\/BS_books.jpg","width":1634,"height":1088},{"@type":"BreadcrumbList","@id":"https:\/\/www.grafikenshus.se\/en\/resonerar-val\/#breadcrumb","itemListElement":[{"@type":"ListItem","position":1,"name":"Hem","item":"https:\/\/www.grafikenshus.se\/en\/about-us\/"},{"@type":"ListItem","position":2,"name":"&#8221;Resonerar v\u00e4l med mitt syns\u00e4tt kring tanken om meningsfulla r\u00f6relser&#8221;"}]},{"@type":"WebSite","@id":"https:\/\/www.grafikenshus.se\/en\/#website","url":"https:\/\/www.grafikenshus.se\/en\/","name":"Grafikens Hus","description":"Ett museum f\u00f6r samtida grafisk konst","potentialAction":[{"@type":"SearchAction","target":{"@type":"EntryPoint","urlTemplate":"https:\/\/www.grafikenshus.se\/en\/?s={search_term_string}"},"query-input":{"@type":"PropertyValueSpecification","valueRequired":true,"valueName":"search_term_string"}}],"inLanguage":"en-US"}]}},"_links":{"self":[{"href":"https:\/\/www.grafikenshus.se\/en\/wp-json\/wp\/v2\/pages\/11885","targetHints":{"allow":["GET"]}}],"collection":[{"href":"https:\/\/www.grafikenshus.se\/en\/wp-json\/wp\/v2\/pages"}],"about":[{"href":"https:\/\/www.grafikenshus.se\/en\/wp-json\/wp\/v2\/types\/page"}],"author":[{"embeddable":true,"href":"https:\/\/www.grafikenshus.se\/en\/wp-json\/wp\/v2\/users\/15"}],"replies":[{"embeddable":true,"href":"https:\/\/www.grafikenshus.se\/en\/wp-json\/wp\/v2\/comments?post=11885"}],"version-history":[{"count":2,"href":"https:\/\/www.grafikenshus.se\/en\/wp-json\/wp\/v2\/pages\/11885\/revisions"}],"predecessor-version":[{"id":11887,"href":"https:\/\/www.grafikenshus.se\/en\/wp-json\/wp\/v2\/pages\/11885\/revisions\/11887"}],"wp:featuredmedia":[{"embeddable":true,"href":"https:\/\/www.grafikenshus.se\/en\/wp-json\/wp\/v2\/media\/11877"}],"wp:attachment":[{"href":"https:\/\/www.grafikenshus.se\/en\/wp-json\/wp\/v2\/media?parent=11885"}],"curies":[{"name":"wp","href":"https:\/\/api.w.org\/{rel}","templated":true}]}}