{"id":1946,"date":"2012-12-09T17:17:25","date_gmt":"2012-12-09T17:17:25","guid":{"rendered":"http:\/\/www.grafikenshus.se\/?page_id=1946"},"modified":"2024-02-14T08:31:13","modified_gmt":"2024-02-14T07:31:13","slug":"about-us","status":"publish","type":"page","link":"https:\/\/www.grafikenshus.se\/en\/about-us\/","title":{"rendered":"About us"},"content":{"rendered":"<h3><img loading=\"lazy\" decoding=\"async\" width=\"300\" height=\"224\" class=\"alignnone wp-image-5624 img-responsive \" src=\"http:\/\/www.grafikenshus.se\/wp-content\/uploads\/2012\/06\/Om-grafikenshus-bild-300x224.png\" alt=\"Om grafikens hus\" srcset=\"https:\/\/www.grafikenshus.se\/wp-content\/uploads\/2012\/06\/Om-grafikenshus-bild-300x224.png 300w, https:\/\/www.grafikenshus.se\/wp-content\/uploads\/2012\/06\/Om-grafikenshus-bild-45x34.png 45w, https:\/\/www.grafikenshus.se\/wp-content\/uploads\/2012\/06\/Om-grafikenshus-bild-70x52.png 70w, https:\/\/www.grafikenshus.se\/wp-content\/uploads\/2012\/06\/Om-grafikenshus-bild-210x157.png 210w, https:\/\/www.grafikenshus.se\/wp-content\/uploads\/2012\/06\/Om-grafikenshus-bild.png 889w\" sizes=\"auto, (max-width: 300px) 100vw, 300px\" \/><\/h3>\n<h1>Visit us<\/h1>\n<p>PROGRAMME<\/p>\n<p>We have no permanent exhibition space. Instead, we carry out exhibitions and projects in other places within the Stockholm region.<\/p>\n<h1>About us<\/h1>\n<p>Grafikens Hus is a museum and a meeting place for contemporary printmaking, situated in Sweden. Our mission is to make the graphic arts and printmaking accessible to as many different people as possible. We want to examine printmaking as an art form and explore its boundaries, so as to take it forwards into the future. Through an innovative educational program, we want to invite audiences to experience printmaking in new and different ways. Driven by an ongoing curiosity, we follow everything that happens within the graphic arts and printmaking today \u2013 in Sweden as well as internationally. Our work takes place through an ongoing project activity in a variety of settings, often in collaboration with other organizations and institutions.<\/p>\n<h1>Background<\/h1>\n<p>The museum was founded in 1996, as a result of several years of intensive work aimed at creating a centre for the graphic arts in Sweden. Led mainly by the Swedish artists Philip von Schantz, Nils G Stenqvist and Bj\u00f6rn Lindroth, their shared vision was to create a place where visitors could go to experience contemporary graphic arts; to make artworks themselves and even to acquire art. This is a vision that the museum still upholds today. Throughout the years, the museum has produced a number of large exhibitions, with artists ranging from newly examined students from Sweden\u2019s art colleges, to well known Swedish and international names, such as Linn Fernstr\u00f6m, Pablo Picasso, Jesper Waldersten, Joan Mir\u00f3, Lena Cronqvist, Lars Lerin, Karin Mamma Andersson and Jockum Nordstr\u00f6m.<\/p>\n<p>Previously located in the old royal barn near Gripsholms Castle in Mariefred, the museum with its entire art collection and workshop burnt down to the ground in March 2014. Following the fire, Grafikens Hus has been without a fixed location, but has kept its activities going through various c\/o-operations, with workshops, print productions, podcasts, lectures, exhibitions and residency programs.\u00a0For seven years we were active in S\u00f6dert\u00e4lje municipality. But we was forced to rethink in 2023 when the local politicians decided not to go ahead with the collaboration. In 2024, Grafikens Hus will continue to be mobile with headquarters within the Stockholm region.<\/p>\n<h1>Follow our\u00a0activities<\/h1>\n<p>Are you interested in following Grafikens Hus\u2019 activities? Do you want to see how we go about building a new museum? Please sign up to receive our <a href=\"http:\/\/grafikenshus.us5.list-manage.com\/subscribe?u=80b63756bf75a92d24a4bb890&amp;id=07080df9b3\">newsletter<\/a>\u00a0or follow us on <a href=\"https:\/\/www.facebook.com\/grafikenshus\/\">Facebook<\/a> and <a href=\"https:\/\/www.instagram.com\/grafikenshus\/\">Instagram<\/a>.<\/p>\n<h1>Grafikens Hus Editions<\/h1>\n<p>You can now buy exclusive editions of artworks produced by Grafikens Hus from our own <a href=\"http:\/\/shop.grafikenshus.se\/\">webshop<\/a>.<\/p>\n","protected":false},"excerpt":{"rendered":"<p>Visit us PROGRAMME We have no permanent exhibition space. Instead, we carry out exhibitions and projects in other places within the Stockholm region. About us Grafikens Hus is a museum and a meeting place for contemporary printmaking, situated in Sweden. Our mission is to make the graphic arts and printmaking accessible to as many different [&hellip;]<\/p>\n","protected":false},"author":8,"featured_media":0,"parent":0,"menu_order":-1,"comment_status":"closed","ping_status":"closed","template":"template-presskontakt.php","meta":{"_acf_changed":false,"_monsterinsights_skip_tracking":false,"_monsterinsights_sitenote_active":false,"_monsterinsights_sitenote_note":"","_monsterinsights_sitenote_category":0,"footnotes":"","_links_to":"","_links_to_target":""},"class_list":["post-1946","page","type-page","status-publish","hentry"],"acf":[],"yoast_head":"<!-- This site is optimized with the Yoast SEO plugin v27.3 - https:\/\/yoast.com\/product\/yoast-seo-wordpress\/ -->\n<title>Grafikens Hus - In English<\/title>\n<meta name=\"description\" content=\"Grafikens Hus is a museum and a meeting place for contemporary printmaking in Sweden.\" \/>\n<meta name=\"robots\" content=\"index, follow, max-snippet:-1, max-image-preview:large, max-video-preview:-1\" \/>\n<link rel=\"canonical\" href=\"https:\/\/www.grafikenshus.se\/en\/about-us\/\" \/>\n<meta property=\"og:locale\" content=\"en_US\" \/>\n<meta property=\"og:type\" content=\"article\" \/>\n<meta property=\"og:title\" content=\"Grafikens Hus - In English\" \/>\n<meta property=\"og:description\" content=\"Grafikens Hus is a museum and a meeting place for contemporary printmaking in Sweden.\" \/>\n<meta property=\"og:url\" content=\"https:\/\/www.grafikenshus.se\/en\/about-us\/\" \/>\n<meta property=\"og:site_name\" content=\"Grafikens Hus\" \/>\n<meta property=\"article:publisher\" content=\"https:\/\/www.facebook.com\/grafikenshus\/\" \/>\n<meta property=\"article:modified_time\" content=\"2024-02-14T07:31:13+00:00\" \/>\n<meta property=\"og:image\" content=\"http:\/\/www.grafikenshus.se\/wp-content\/uploads\/2012\/06\/Om-grafikenshus-bild-300x224.png\" \/>\n<meta name=\"twitter:card\" content=\"summary_large_image\" \/>\n<meta name=\"twitter:label1\" content=\"Est. reading time\" \/>\n\t<meta name=\"twitter:data1\" content=\"3 minutes\" \/>\n<!-- \/ Yoast SEO plugin. -->","yoast_head_json":{"title":"Grafikens Hus - In English","description":"Grafikens Hus is a museum and a meeting place for contemporary printmaking in Sweden.","robots":{"index":"index","follow":"follow","max-snippet":"max-snippet:-1","max-image-preview":"max-image-preview:large","max-video-preview":"max-video-preview:-1"},"canonical":"https:\/\/www.grafikenshus.se\/en\/about-us\/","og_locale":"en_US","og_type":"article","og_title":"Grafikens Hus - In English","og_description":"Grafikens Hus is a museum and a meeting place for contemporary printmaking in Sweden.","og_url":"https:\/\/www.grafikenshus.se\/en\/about-us\/","og_site_name":"Grafikens Hus","article_publisher":"https:\/\/www.facebook.com\/grafikenshus\/","article_modified_time":"2024-02-14T07:31:13+00:00","og_image":[{"url":"http:\/\/www.grafikenshus.se\/wp-content\/uploads\/2012\/06\/Om-grafikenshus-bild-300x224.png","type":"","width":"","height":""}],"twitter_card":"summary_large_image","twitter_misc":{"Est. reading time":"3 minutes"},"schema":{"@context":"https:\/\/schema.org","@graph":[{"@type":"WebPage","@id":"https:\/\/www.grafikenshus.se\/en\/about-us\/","url":"https:\/\/www.grafikenshus.se\/en\/about-us\/","name":"Grafikens Hus - In English","isPartOf":{"@id":"https:\/\/www.grafikenshus.se\/en\/#website"},"primaryImageOfPage":{"@id":"https:\/\/www.grafikenshus.se\/en\/about-us\/#primaryimage"},"image":{"@id":"https:\/\/www.grafikenshus.se\/en\/about-us\/#primaryimage"},"thumbnailUrl":"http:\/\/www.grafikenshus.se\/wp-content\/uploads\/2012\/06\/Om-grafikenshus-bild-300x224.png","datePublished":"2012-12-09T17:17:25+00:00","dateModified":"2024-02-14T07:31:13+00:00","description":"Grafikens Hus is a museum and a meeting place for contemporary printmaking in Sweden.","breadcrumb":{"@id":"https:\/\/www.grafikenshus.se\/en\/about-us\/#breadcrumb"},"inLanguage":"en-US","potentialAction":[{"@type":"ReadAction","target":["https:\/\/www.grafikenshus.se\/en\/about-us\/"]}]},{"@type":"ImageObject","inLanguage":"en-US","@id":"https:\/\/www.grafikenshus.se\/en\/about-us\/#primaryimage","url":"http:\/\/www.grafikenshus.se\/wp-content\/uploads\/2012\/06\/Om-grafikenshus-bild-300x224.png","contentUrl":"http:\/\/www.grafikenshus.se\/wp-content\/uploads\/2012\/06\/Om-grafikenshus-bild-300x224.png"},{"@type":"BreadcrumbList","@id":"https:\/\/www.grafikenshus.se\/en\/about-us\/#breadcrumb","itemListElement":[{"@type":"ListItem","position":1,"name":"Hem","item":"https:\/\/www.grafikenshus.se\/en\/about-us\/"},{"@type":"ListItem","position":2,"name":"About us"}]},{"@type":"WebSite","@id":"https:\/\/www.grafikenshus.se\/en\/#website","url":"https:\/\/www.grafikenshus.se\/en\/","name":"Grafikens Hus","description":"Ett museum f\u00f6r samtida grafisk konst","potentialAction":[{"@type":"SearchAction","target":{"@type":"EntryPoint","urlTemplate":"https:\/\/www.grafikenshus.se\/en\/?s={search_term_string}"},"query-input":{"@type":"PropertyValueSpecification","valueRequired":true,"valueName":"search_term_string"}}],"inLanguage":"en-US"}]}},"_links":{"self":[{"href":"https:\/\/www.grafikenshus.se\/en\/wp-json\/wp\/v2\/pages\/1946","targetHints":{"allow":["GET"]}}],"collection":[{"href":"https:\/\/www.grafikenshus.se\/en\/wp-json\/wp\/v2\/pages"}],"about":[{"href":"https:\/\/www.grafikenshus.se\/en\/wp-json\/wp\/v2\/types\/page"}],"author":[{"embeddable":true,"href":"https:\/\/www.grafikenshus.se\/en\/wp-json\/wp\/v2\/users\/8"}],"replies":[{"embeddable":true,"href":"https:\/\/www.grafikenshus.se\/en\/wp-json\/wp\/v2\/comments?post=1946"}],"version-history":[{"count":35,"href":"https:\/\/www.grafikenshus.se\/en\/wp-json\/wp\/v2\/pages\/1946\/revisions"}],"predecessor-version":[{"id":12185,"href":"https:\/\/www.grafikenshus.se\/en\/wp-json\/wp\/v2\/pages\/1946\/revisions\/12185"}],"wp:attachment":[{"href":"https:\/\/www.grafikenshus.se\/en\/wp-json\/wp\/v2\/media?parent=1946"}],"curies":[{"name":"wp","href":"https:\/\/api.w.org\/{rel}","templated":true}]}}